{"id":987,"date":"2023-07-03T09:43:05","date_gmt":"2023-07-03T09:43:05","guid":{"rendered":"https:\/\/fse.catchthemes.com\/drinkify\/?post_type=product&#038;p=987"},"modified":"2025-12-24T14:09:36","modified_gmt":"2025-12-24T13:09:36","slug":"blanc-troubat","status":"publish","type":"product","link":"https:\/\/domainedetroubat.fr\/index.php\/produit\/blanc-troubat\/","title":{"rendered":"Blanc de Troubat"},"content":{"rendered":"<p>Le vin blanc sec <strong>Entre-Deux-Mers<\/strong> du Domaine de Troubat se distingue par sa fra\u00eecheur et son \u00e9l\u00e9gance. Il pr\u00e9sente un bouquet aromatique complexe avec des notes de citron, de pamplemousse et de fleurs blanches, accompagn\u00e9es de subtiles touches min\u00e9rales. En bouche, il offre une attaque vive et rafra\u00eechissante, suivie d&rsquo;une belle structure et d&rsquo;une finale persistante. Ce vin est id\u00e9alement servi frais et constitue un excellent choix pour accompagner des fruits de mer, des poissons grill\u00e9s ou des salades l\u00e9g\u00e8res. Le vin blanc sec du Domaine de Troubat propose une exp\u00e9rience de d\u00e9gustation raffin\u00e9e, capturant l&rsquo;essence de son terroir unique et offrant un plaisir d\u00e9licat \u00e0 chaque gorg\u00e9e.<\/p>\n","protected":false},"excerpt":{"rendered":"<p>Le vin blanc sec <strong>Entre-Deux-Mers<\/strong> du Domaine de Troubat se distingue par sa fra\u00eecheur et son \u00e9l\u00e9gance. Ce vin est id\u00e9alement servi frais et constitue un excellent choix pour accompagner des fruits de mer, des poissons grill\u00e9s ou des salades l\u00e9g\u00e8res. Le vin blanc sec du Domaine de Troubat propose une exp\u00e9rience de d\u00e9gustation raffin\u00e9e, capturant l&rsquo;essence de son terroir unique et offrant un plaisir d\u00e9licat \u00e0 chaque gorg\u00e9e.<\/p>\n","protected":false},"featured_media":1162,"comment_status":"open","ping_status":"closed","template":"","meta":{"_acf_changed":false},"product_brand":[],"product_cat":[28,39,38],"product_tag":[],"class_list":{"0":"post-987","1":"product","2":"type-product","3":"status-publish","4":"has-post-thumbnail","6":"product_cat-nos-vins","7":"product_cat-vin","8":"product_cat-vin-blanc","10":"first","11":"instock","12":"shipping-taxable","13":"purchasable","14":"product-type-simple"},"acf":[],"yoast_head":"<!-- This site is optimized with the Yoast SEO plugin v25.2 - https:\/\/yoast.com\/wordpress\/plugins\/seo\/ -->\n<title>Blanc de Troubat - Domaine de Troubat<\/title>\n<meta name=\"robots\" content=\"index, follow, max-snippet:-1, max-image-preview:large, max-video-preview:-1\" \/>\n<link rel=\"canonical\" href=\"https:\/\/domainedetroubat.fr\/index.php\/produit\/blanc-troubat\/\" \/>\n<meta property=\"og:locale\" content=\"fr_FR\" \/>\n<meta property=\"og:type\" content=\"article\" \/>\n<meta property=\"og:title\" content=\"Blanc de Troubat - Domaine de Troubat\" \/>\n<meta property=\"og:description\" content=\"Le vin blanc sec Entre-Deux-Mers du Domaine de Troubat se distingue par sa fra\u00eecheur et son \u00e9l\u00e9gance. Ce vin est id\u00e9alement servi frais et constitue un excellent choix pour accompagner des fruits de mer, des poissons grill\u00e9s ou des salades l\u00e9g\u00e8res. Le vin blanc sec du Domaine de Troubat propose une exp\u00e9rience de d\u00e9gustation raffin\u00e9e, capturant l&#039;essence de son terroir unique et offrant un plaisir d\u00e9licat \u00e0 chaque gorg\u00e9e.\" \/>\n<meta property=\"og:url\" content=\"https:\/\/domainedetroubat.fr\/index.php\/produit\/blanc-troubat\/\" \/>\n<meta property=\"og:site_name\" content=\"Domaine de Troubat\" \/>\n<meta property=\"article:modified_time\" content=\"2025-12-24T13:09:36+00:00\" \/>\n<meta property=\"og:image\" content=\"https:\/\/domainedetroubat.fr\/wp-content\/uploads\/2024\/07\/Nouveau-projet.png\" \/>\n\t<meta property=\"og:image:width\" content=\"660\" \/>\n\t<meta property=\"og:image:height\" content=\"660\" \/>\n\t<meta property=\"og:image:type\" content=\"image\/png\" \/>\n<meta name=\"twitter:card\" content=\"summary_large_image\" \/>\n<meta name=\"twitter:label1\" content=\"Dur\u00e9e de lecture estim\u00e9e\" \/>\n\t<meta name=\"twitter:data1\" content=\"1 minute\" \/>\n<script type=\"application\/ld+json\" class=\"yoast-schema-graph\">{\"@context\":\"https:\/\/schema.org\",\"@graph\":[{\"@type\":\"WebPage\",\"@id\":\"https:\/\/domainedetroubat.fr\/index.php\/produit\/blanc-troubat\/\",\"url\":\"https:\/\/domainedetroubat.fr\/index.php\/produit\/blanc-troubat\/\",\"name\":\"Blanc de Troubat - Domaine de Troubat\",\"isPartOf\":{\"@id\":\"https:\/\/domainedetroubat.fr\/#website\"},\"primaryImageOfPage\":{\"@id\":\"https:\/\/domainedetroubat.fr\/index.php\/produit\/blanc-troubat\/#primaryimage\"},\"image\":{\"@id\":\"https:\/\/domainedetroubat.fr\/index.php\/produit\/blanc-troubat\/#primaryimage\"},\"thumbnailUrl\":\"https:\/\/domainedetroubat.fr\/wp-content\/uploads\/2024\/07\/Nouveau-projet.png\",\"datePublished\":\"2023-07-03T09:43:05+00:00\",\"dateModified\":\"2025-12-24T13:09:36+00:00\",\"breadcrumb\":{\"@id\":\"https:\/\/domainedetroubat.fr\/index.php\/produit\/blanc-troubat\/#breadcrumb\"},\"inLanguage\":\"fr-FR\",\"potentialAction\":[{\"@type\":\"ReadAction\",\"target\":[\"https:\/\/domainedetroubat.fr\/index.php\/produit\/blanc-troubat\/\"]}]},{\"@type\":\"ImageObject\",\"inLanguage\":\"fr-FR\",\"@id\":\"https:\/\/domainedetroubat.fr\/index.php\/produit\/blanc-troubat\/#primaryimage\",\"url\":\"https:\/\/domainedetroubat.fr\/wp-content\/uploads\/2024\/07\/Nouveau-projet.png\",\"contentUrl\":\"https:\/\/domainedetroubat.fr\/wp-content\/uploads\/2024\/07\/Nouveau-projet.png\",\"width\":660,\"height\":660,\"caption\":\"Bouteille Troubat Blanc\"},{\"@type\":\"BreadcrumbList\",\"@id\":\"https:\/\/domainedetroubat.fr\/index.php\/produit\/blanc-troubat\/#breadcrumb\",\"itemListElement\":[{\"@type\":\"ListItem\",\"position\":1,\"name\":\"Accueil\",\"item\":\"https:\/\/domainedetroubat.fr\/\"},{\"@type\":\"ListItem\",\"position\":2,\"name\":\"Boutique\",\"item\":\"https:\/\/domainedetroubat.fr\/index.php\/boutique\/\"},{\"@type\":\"ListItem\",\"position\":3,\"name\":\"Blanc de Troubat\"}]},{\"@type\":\"WebSite\",\"@id\":\"https:\/\/domainedetroubat.fr\/#website\",\"url\":\"https:\/\/domainedetroubat.fr\/\",\"name\":\"Domaine de Troubat\",\"description\":\"Bordeaux \/ Entre-Deux-Mers \/ Saint-Emilion\",\"publisher\":{\"@id\":\"https:\/\/domainedetroubat.fr\/#organization\"},\"potentialAction\":[{\"@type\":\"SearchAction\",\"target\":{\"@type\":\"EntryPoint\",\"urlTemplate\":\"https:\/\/domainedetroubat.fr\/?s={search_term_string}\"},\"query-input\":{\"@type\":\"PropertyValueSpecification\",\"valueRequired\":true,\"valueName\":\"search_term_string\"}}],\"inLanguage\":\"fr-FR\"},{\"@type\":\"Organization\",\"@id\":\"https:\/\/domainedetroubat.fr\/#organization\",\"name\":\"Domaine de Troubat\",\"url\":\"https:\/\/domainedetroubat.fr\/\",\"logo\":{\"@type\":\"ImageObject\",\"inLanguage\":\"fr-FR\",\"@id\":\"https:\/\/domainedetroubat.fr\/#\/schema\/logo\/image\/\",\"url\":\"https:\/\/domainedetroubat.fr\/wp-content\/uploads\/2024\/07\/Capture-decran-Avr-6-removebg-preview.png\",\"contentUrl\":\"https:\/\/domainedetroubat.fr\/wp-content\/uploads\/2024\/07\/Capture-decran-Avr-6-removebg-preview.png\",\"width\":280,\"height\":318,\"caption\":\"Domaine de Troubat\"},\"image\":{\"@id\":\"https:\/\/domainedetroubat.fr\/#\/schema\/logo\/image\/\"}}]}<\/script>\n<!-- \/ Yoast SEO plugin. -->","yoast_head_json":{"title":"Blanc de Troubat - Domaine de Troubat","robots":{"index":"index","follow":"follow","max-snippet":"max-snippet:-1","max-image-preview":"max-image-preview:large","max-video-preview":"max-video-preview:-1"},"canonical":"https:\/\/domainedetroubat.fr\/index.php\/produit\/blanc-troubat\/","og_locale":"fr_FR","og_type":"article","og_title":"Blanc de Troubat - Domaine de Troubat","og_description":"Le vin blanc sec Entre-Deux-Mers du Domaine de Troubat se distingue par sa fra\u00eecheur et son \u00e9l\u00e9gance. Ce vin est id\u00e9alement servi frais et constitue un excellent choix pour accompagner des fruits de mer, des poissons grill\u00e9s ou des salades l\u00e9g\u00e8res. Le vin blanc sec du Domaine de Troubat propose une exp\u00e9rience de d\u00e9gustation raffin\u00e9e, capturant l'essence de son terroir unique et offrant un plaisir d\u00e9licat \u00e0 chaque gorg\u00e9e.","og_url":"https:\/\/domainedetroubat.fr\/index.php\/produit\/blanc-troubat\/","og_site_name":"Domaine de Troubat","article_modified_time":"2025-12-24T13:09:36+00:00","og_image":[{"width":660,"height":660,"url":"https:\/\/domainedetroubat.fr\/wp-content\/uploads\/2024\/07\/Nouveau-projet.png","type":"image\/png"}],"twitter_card":"summary_large_image","twitter_misc":{"Dur\u00e9e de lecture estim\u00e9e":"1 minute"},"schema":{"@context":"https:\/\/schema.org","@graph":[{"@type":"WebPage","@id":"https:\/\/domainedetroubat.fr\/index.php\/produit\/blanc-troubat\/","url":"https:\/\/domainedetroubat.fr\/index.php\/produit\/blanc-troubat\/","name":"Blanc de Troubat - Domaine de Troubat","isPartOf":{"@id":"https:\/\/domainedetroubat.fr\/#website"},"primaryImageOfPage":{"@id":"https:\/\/domainedetroubat.fr\/index.php\/produit\/blanc-troubat\/#primaryimage"},"image":{"@id":"https:\/\/domainedetroubat.fr\/index.php\/produit\/blanc-troubat\/#primaryimage"},"thumbnailUrl":"https:\/\/domainedetroubat.fr\/wp-content\/uploads\/2024\/07\/Nouveau-projet.png","datePublished":"2023-07-03T09:43:05+00:00","dateModified":"2025-12-24T13:09:36+00:00","breadcrumb":{"@id":"https:\/\/domainedetroubat.fr\/index.php\/produit\/blanc-troubat\/#breadcrumb"},"inLanguage":"fr-FR","potentialAction":[{"@type":"ReadAction","target":["https:\/\/domainedetroubat.fr\/index.php\/produit\/blanc-troubat\/"]}]},{"@type":"ImageObject","inLanguage":"fr-FR","@id":"https:\/\/domainedetroubat.fr\/index.php\/produit\/blanc-troubat\/#primaryimage","url":"https:\/\/domainedetroubat.fr\/wp-content\/uploads\/2024\/07\/Nouveau-projet.png","contentUrl":"https:\/\/domainedetroubat.fr\/wp-content\/uploads\/2024\/07\/Nouveau-projet.png","width":660,"height":660,"caption":"Bouteille Troubat Blanc"},{"@type":"BreadcrumbList","@id":"https:\/\/domainedetroubat.fr\/index.php\/produit\/blanc-troubat\/#breadcrumb","itemListElement":[{"@type":"ListItem","position":1,"name":"Accueil","item":"https:\/\/domainedetroubat.fr\/"},{"@type":"ListItem","position":2,"name":"Boutique","item":"https:\/\/domainedetroubat.fr\/index.php\/boutique\/"},{"@type":"ListItem","position":3,"name":"Blanc de Troubat"}]},{"@type":"WebSite","@id":"https:\/\/domainedetroubat.fr\/#website","url":"https:\/\/domainedetroubat.fr\/","name":"Domaine de Troubat","description":"Bordeaux \/ Entre-Deux-Mers \/ Saint-Emilion","publisher":{"@id":"https:\/\/domainedetroubat.fr\/#organization"},"potentialAction":[{"@type":"SearchAction","target":{"@type":"EntryPoint","urlTemplate":"https:\/\/domainedetroubat.fr\/?s={search_term_string}"},"query-input":{"@type":"PropertyValueSpecification","valueRequired":true,"valueName":"search_term_string"}}],"inLanguage":"fr-FR"},{"@type":"Organization","@id":"https:\/\/domainedetroubat.fr\/#organization","name":"Domaine de Troubat","url":"https:\/\/domainedetroubat.fr\/","logo":{"@type":"ImageObject","inLanguage":"fr-FR","@id":"https:\/\/domainedetroubat.fr\/#\/schema\/logo\/image\/","url":"https:\/\/domainedetroubat.fr\/wp-content\/uploads\/2024\/07\/Capture-decran-Avr-6-removebg-preview.png","contentUrl":"https:\/\/domainedetroubat.fr\/wp-content\/uploads\/2024\/07\/Capture-decran-Avr-6-removebg-preview.png","width":280,"height":318,"caption":"Domaine de Troubat"},"image":{"@id":"https:\/\/domainedetroubat.fr\/#\/schema\/logo\/image\/"}}]}},"_links":{"self":[{"href":"https:\/\/domainedetroubat.fr\/index.php\/wp-json\/wp\/v2\/product\/987","targetHints":{"allow":["GET"]}}],"collection":[{"href":"https:\/\/domainedetroubat.fr\/index.php\/wp-json\/wp\/v2\/product"}],"about":[{"href":"https:\/\/domainedetroubat.fr\/index.php\/wp-json\/wp\/v2\/types\/product"}],"replies":[{"embeddable":true,"href":"https:\/\/domainedetroubat.fr\/index.php\/wp-json\/wp\/v2\/comments?post=987"}],"wp:featuredmedia":[{"embeddable":true,"href":"https:\/\/domainedetroubat.fr\/index.php\/wp-json\/wp\/v2\/media\/1162"}],"wp:attachment":[{"href":"https:\/\/domainedetroubat.fr\/index.php\/wp-json\/wp\/v2\/media?parent=987"}],"wp:term":[{"taxonomy":"product_brand","embeddable":true,"href":"https:\/\/domainedetroubat.fr\/index.php\/wp-json\/wp\/v2\/product_brand?post=987"},{"taxonomy":"product_cat","embeddable":true,"href":"https:\/\/domainedetroubat.fr\/index.php\/wp-json\/wp\/v2\/product_cat?post=987"},{"taxonomy":"product_tag","embeddable":true,"href":"https:\/\/domainedetroubat.fr\/index.php\/wp-json\/wp\/v2\/product_tag?post=987"}],"curies":[{"name":"wp","href":"https:\/\/api.w.org\/{rel}","templated":true}]}}