{"id":983,"date":"2023-07-03T09:35:52","date_gmt":"2023-07-03T09:35:52","guid":{"rendered":"https:\/\/fse.catchthemes.com\/drinkify\/?post_type=product&#038;p=983"},"modified":"2024-07-16T20:27:06","modified_gmt":"2024-07-16T18:27:06","slug":"nature-troubat","status":"publish","type":"product","link":"https:\/\/domainedetroubat.fr\/index.php\/produit\/nature-troubat\/","title":{"rendered":"Nature de Troubat"},"content":{"rendered":"<p><strong>Nature de Troubat<\/strong> est une cuv\u00e9e 100% Merlot qui se distingue par sa fra\u00eecheur et sa puret\u00e9 aromatique, sans soufre ajout\u00e9 du d\u00e9but \u00e0 la fin du processus de vinification. Il pr\u00e9sente un bouquet intense de fruits rouges frais, comme la fraise et la framboise, avec des notes florales d\u00e9licates. En bouche, ce vin est gourmand et flatteur, avec une belle vivacit\u00e9 et une finale longue et fruit\u00e9e. Id\u00e9alement servi jeune pour profiter de toute sa fougue, il accompagne parfaitement les grillades, les plats de saison, ou peut \u00eatre d\u00e9gust\u00e9 en ap\u00e9ritif. Nature de Troubat offre une exp\u00e9rience authentique et conviviale, refl\u00e9tant le soin et la passion apport\u00e9s \u00e0 sa production.<\/p>\n","protected":false},"excerpt":{"rendered":"<p><strong>Nature de Troubat<\/strong> est un vin rouge 100% Merlot, sans soufre ajout\u00e9, offrant une grande puret\u00e9 aromatique et une fra\u00eecheur exceptionnelle. Id\u00e9al pour accompagner des plats simples et conviviaux comme les grillades et les plats de saison.<\/p>\n","protected":false},"featured_media":1223,"comment_status":"open","ping_status":"closed","template":"","meta":{"_acf_changed":false},"product_brand":[],"product_cat":[28,39,35],"product_tag":[],"class_list":{"0":"post-983","1":"product","2":"type-product","3":"status-publish","4":"has-post-thumbnail","6":"product_cat-nos-vins","7":"product_cat-vin","8":"product_cat-vin-rouge","10":"first","11":"instock","12":"shipping-taxable","13":"purchasable","14":"product-type-simple"},"acf":[],"yoast_head":"<!-- This site is optimized with the Yoast SEO plugin v25.2 - https:\/\/yoast.com\/wordpress\/plugins\/seo\/ -->\n<title>Nature de Troubat - Domaine de Troubat<\/title>\n<meta name=\"robots\" content=\"index, follow, max-snippet:-1, max-image-preview:large, max-video-preview:-1\" \/>\n<link rel=\"canonical\" href=\"https:\/\/domainedetroubat.fr\/index.php\/produit\/nature-troubat\/\" \/>\n<meta property=\"og:locale\" content=\"fr_FR\" \/>\n<meta property=\"og:type\" content=\"article\" \/>\n<meta property=\"og:title\" content=\"Nature de Troubat - Domaine de Troubat\" \/>\n<meta property=\"og:description\" content=\"Nature de Troubat est un vin rouge 100% Merlot, sans soufre ajout\u00e9, offrant une grande puret\u00e9 aromatique et une fra\u00eecheur exceptionnelle. Id\u00e9al pour accompagner des plats simples et conviviaux comme les grillades et les plats de saison.\" \/>\n<meta property=\"og:url\" content=\"https:\/\/domainedetroubat.fr\/index.php\/produit\/nature-troubat\/\" \/>\n<meta property=\"og:site_name\" content=\"Domaine de Troubat\" \/>\n<meta property=\"article:modified_time\" content=\"2024-07-16T18:27:06+00:00\" \/>\n<meta property=\"og:image\" content=\"https:\/\/domainedetroubat.fr\/wp-content\/uploads\/2024\/07\/Nature-Troubat.png\" \/>\n\t<meta property=\"og:image:width\" content=\"660\" \/>\n\t<meta property=\"og:image:height\" content=\"660\" \/>\n\t<meta property=\"og:image:type\" content=\"image\/png\" \/>\n<meta name=\"twitter:card\" content=\"summary_large_image\" \/>\n<meta name=\"twitter:label1\" content=\"Dur\u00e9e de lecture estim\u00e9e\" \/>\n\t<meta name=\"twitter:data1\" content=\"1 minute\" \/>\n<script type=\"application\/ld+json\" class=\"yoast-schema-graph\">{\"@context\":\"https:\/\/schema.org\",\"@graph\":[{\"@type\":\"WebPage\",\"@id\":\"https:\/\/domainedetroubat.fr\/index.php\/produit\/nature-troubat\/\",\"url\":\"https:\/\/domainedetroubat.fr\/index.php\/produit\/nature-troubat\/\",\"name\":\"Nature de Troubat - Domaine de Troubat\",\"isPartOf\":{\"@id\":\"https:\/\/domainedetroubat.fr\/#website\"},\"primaryImageOfPage\":{\"@id\":\"https:\/\/domainedetroubat.fr\/index.php\/produit\/nature-troubat\/#primaryimage\"},\"image\":{\"@id\":\"https:\/\/domainedetroubat.fr\/index.php\/produit\/nature-troubat\/#primaryimage\"},\"thumbnailUrl\":\"https:\/\/domainedetroubat.fr\/wp-content\/uploads\/2024\/07\/Nature-Troubat.png\",\"datePublished\":\"2023-07-03T09:35:52+00:00\",\"dateModified\":\"2024-07-16T18:27:06+00:00\",\"breadcrumb\":{\"@id\":\"https:\/\/domainedetroubat.fr\/index.php\/produit\/nature-troubat\/#breadcrumb\"},\"inLanguage\":\"fr-FR\",\"potentialAction\":[{\"@type\":\"ReadAction\",\"target\":[\"https:\/\/domainedetroubat.fr\/index.php\/produit\/nature-troubat\/\"]}]},{\"@type\":\"ImageObject\",\"inLanguage\":\"fr-FR\",\"@id\":\"https:\/\/domainedetroubat.fr\/index.php\/produit\/nature-troubat\/#primaryimage\",\"url\":\"https:\/\/domainedetroubat.fr\/wp-content\/uploads\/2024\/07\/Nature-Troubat.png\",\"contentUrl\":\"https:\/\/domainedetroubat.fr\/wp-content\/uploads\/2024\/07\/Nature-Troubat.png\",\"width\":660,\"height\":660},{\"@type\":\"BreadcrumbList\",\"@id\":\"https:\/\/domainedetroubat.fr\/index.php\/produit\/nature-troubat\/#breadcrumb\",\"itemListElement\":[{\"@type\":\"ListItem\",\"position\":1,\"name\":\"Accueil\",\"item\":\"https:\/\/domainedetroubat.fr\/\"},{\"@type\":\"ListItem\",\"position\":2,\"name\":\"Boutique\",\"item\":\"https:\/\/domainedetroubat.fr\/index.php\/boutique\/\"},{\"@type\":\"ListItem\",\"position\":3,\"name\":\"Nature de Troubat\"}]},{\"@type\":\"WebSite\",\"@id\":\"https:\/\/domainedetroubat.fr\/#website\",\"url\":\"https:\/\/domainedetroubat.fr\/\",\"name\":\"Domaine de Troubat\",\"description\":\"Bordeaux \/ Entre-Deux-Mers \/ Saint-Emilion\",\"publisher\":{\"@id\":\"https:\/\/domainedetroubat.fr\/#organization\"},\"potentialAction\":[{\"@type\":\"SearchAction\",\"target\":{\"@type\":\"EntryPoint\",\"urlTemplate\":\"https:\/\/domainedetroubat.fr\/?s={search_term_string}\"},\"query-input\":{\"@type\":\"PropertyValueSpecification\",\"valueRequired\":true,\"valueName\":\"search_term_string\"}}],\"inLanguage\":\"fr-FR\"},{\"@type\":\"Organization\",\"@id\":\"https:\/\/domainedetroubat.fr\/#organization\",\"name\":\"Domaine de Troubat\",\"url\":\"https:\/\/domainedetroubat.fr\/\",\"logo\":{\"@type\":\"ImageObject\",\"inLanguage\":\"fr-FR\",\"@id\":\"https:\/\/domainedetroubat.fr\/#\/schema\/logo\/image\/\",\"url\":\"https:\/\/domainedetroubat.fr\/wp-content\/uploads\/2024\/07\/Capture-decran-Avr-6-removebg-preview.png\",\"contentUrl\":\"https:\/\/domainedetroubat.fr\/wp-content\/uploads\/2024\/07\/Capture-decran-Avr-6-removebg-preview.png\",\"width\":280,\"height\":318,\"caption\":\"Domaine de Troubat\"},\"image\":{\"@id\":\"https:\/\/domainedetroubat.fr\/#\/schema\/logo\/image\/\"}}]}<\/script>\n<!-- \/ Yoast SEO plugin. -->","yoast_head_json":{"title":"Nature de Troubat - Domaine de Troubat","robots":{"index":"index","follow":"follow","max-snippet":"max-snippet:-1","max-image-preview":"max-image-preview:large","max-video-preview":"max-video-preview:-1"},"canonical":"https:\/\/domainedetroubat.fr\/index.php\/produit\/nature-troubat\/","og_locale":"fr_FR","og_type":"article","og_title":"Nature de Troubat - Domaine de Troubat","og_description":"Nature de Troubat est un vin rouge 100% Merlot, sans soufre ajout\u00e9, offrant une grande puret\u00e9 aromatique et une fra\u00eecheur exceptionnelle. Id\u00e9al pour accompagner des plats simples et conviviaux comme les grillades et les plats de saison.","og_url":"https:\/\/domainedetroubat.fr\/index.php\/produit\/nature-troubat\/","og_site_name":"Domaine de Troubat","article_modified_time":"2024-07-16T18:27:06+00:00","og_image":[{"width":660,"height":660,"url":"https:\/\/domainedetroubat.fr\/wp-content\/uploads\/2024\/07\/Nature-Troubat.png","type":"image\/png"}],"twitter_card":"summary_large_image","twitter_misc":{"Dur\u00e9e de lecture estim\u00e9e":"1 minute"},"schema":{"@context":"https:\/\/schema.org","@graph":[{"@type":"WebPage","@id":"https:\/\/domainedetroubat.fr\/index.php\/produit\/nature-troubat\/","url":"https:\/\/domainedetroubat.fr\/index.php\/produit\/nature-troubat\/","name":"Nature de Troubat - Domaine de Troubat","isPartOf":{"@id":"https:\/\/domainedetroubat.fr\/#website"},"primaryImageOfPage":{"@id":"https:\/\/domainedetroubat.fr\/index.php\/produit\/nature-troubat\/#primaryimage"},"image":{"@id":"https:\/\/domainedetroubat.fr\/index.php\/produit\/nature-troubat\/#primaryimage"},"thumbnailUrl":"https:\/\/domainedetroubat.fr\/wp-content\/uploads\/2024\/07\/Nature-Troubat.png","datePublished":"2023-07-03T09:35:52+00:00","dateModified":"2024-07-16T18:27:06+00:00","breadcrumb":{"@id":"https:\/\/domainedetroubat.fr\/index.php\/produit\/nature-troubat\/#breadcrumb"},"inLanguage":"fr-FR","potentialAction":[{"@type":"ReadAction","target":["https:\/\/domainedetroubat.fr\/index.php\/produit\/nature-troubat\/"]}]},{"@type":"ImageObject","inLanguage":"fr-FR","@id":"https:\/\/domainedetroubat.fr\/index.php\/produit\/nature-troubat\/#primaryimage","url":"https:\/\/domainedetroubat.fr\/wp-content\/uploads\/2024\/07\/Nature-Troubat.png","contentUrl":"https:\/\/domainedetroubat.fr\/wp-content\/uploads\/2024\/07\/Nature-Troubat.png","width":660,"height":660},{"@type":"BreadcrumbList","@id":"https:\/\/domainedetroubat.fr\/index.php\/produit\/nature-troubat\/#breadcrumb","itemListElement":[{"@type":"ListItem","position":1,"name":"Accueil","item":"https:\/\/domainedetroubat.fr\/"},{"@type":"ListItem","position":2,"name":"Boutique","item":"https:\/\/domainedetroubat.fr\/index.php\/boutique\/"},{"@type":"ListItem","position":3,"name":"Nature de Troubat"}]},{"@type":"WebSite","@id":"https:\/\/domainedetroubat.fr\/#website","url":"https:\/\/domainedetroubat.fr\/","name":"Domaine de Troubat","description":"Bordeaux \/ Entre-Deux-Mers \/ Saint-Emilion","publisher":{"@id":"https:\/\/domainedetroubat.fr\/#organization"},"potentialAction":[{"@type":"SearchAction","target":{"@type":"EntryPoint","urlTemplate":"https:\/\/domainedetroubat.fr\/?s={search_term_string}"},"query-input":{"@type":"PropertyValueSpecification","valueRequired":true,"valueName":"search_term_string"}}],"inLanguage":"fr-FR"},{"@type":"Organization","@id":"https:\/\/domainedetroubat.fr\/#organization","name":"Domaine de Troubat","url":"https:\/\/domainedetroubat.fr\/","logo":{"@type":"ImageObject","inLanguage":"fr-FR","@id":"https:\/\/domainedetroubat.fr\/#\/schema\/logo\/image\/","url":"https:\/\/domainedetroubat.fr\/wp-content\/uploads\/2024\/07\/Capture-decran-Avr-6-removebg-preview.png","contentUrl":"https:\/\/domainedetroubat.fr\/wp-content\/uploads\/2024\/07\/Capture-decran-Avr-6-removebg-preview.png","width":280,"height":318,"caption":"Domaine de Troubat"},"image":{"@id":"https:\/\/domainedetroubat.fr\/#\/schema\/logo\/image\/"}}]}},"_links":{"self":[{"href":"https:\/\/domainedetroubat.fr\/index.php\/wp-json\/wp\/v2\/product\/983","targetHints":{"allow":["GET"]}}],"collection":[{"href":"https:\/\/domainedetroubat.fr\/index.php\/wp-json\/wp\/v2\/product"}],"about":[{"href":"https:\/\/domainedetroubat.fr\/index.php\/wp-json\/wp\/v2\/types\/product"}],"replies":[{"embeddable":true,"href":"https:\/\/domainedetroubat.fr\/index.php\/wp-json\/wp\/v2\/comments?post=983"}],"wp:featuredmedia":[{"embeddable":true,"href":"https:\/\/domainedetroubat.fr\/index.php\/wp-json\/wp\/v2\/media\/1223"}],"wp:attachment":[{"href":"https:\/\/domainedetroubat.fr\/index.php\/wp-json\/wp\/v2\/media?parent=983"}],"wp:term":[{"taxonomy":"product_brand","embeddable":true,"href":"https:\/\/domainedetroubat.fr\/index.php\/wp-json\/wp\/v2\/product_brand?post=983"},{"taxonomy":"product_cat","embeddable":true,"href":"https:\/\/domainedetroubat.fr\/index.php\/wp-json\/wp\/v2\/product_cat?post=983"},{"taxonomy":"product_tag","embeddable":true,"href":"https:\/\/domainedetroubat.fr\/index.php\/wp-json\/wp\/v2\/product_tag?post=983"}],"curies":[{"name":"wp","href":"https:\/\/api.w.org\/{rel}","templated":true}]}}