{"id":981,"date":"2023-07-03T09:33:17","date_gmt":"2023-07-03T09:33:17","guid":{"rendered":"https:\/\/fse.catchthemes.com\/drinkify\/?post_type=product&#038;p=981"},"modified":"2024-07-16T19:44:41","modified_gmt":"2024-07-16T17:44:41","slug":"exception-troubat","status":"publish","type":"product","link":"https:\/\/domainedetroubat.fr\/index.php\/produit\/exception-troubat\/","title":{"rendered":"Exception de Troubat &#8211; Saint Emilion"},"content":{"rendered":"<p><strong>Exception de Troubat &#8211; Saint Emilion<\/strong> se distingue par sa robe rubis brillante et son nez d\u00e9licat, associant des ar\u00f4mes de fruits rouges comme la fraise et la m\u00fbre, \u00e0 des notes toast\u00e9es. En bouche, l&rsquo;attaque est ronde et bois\u00e9e, d\u00e9voilant une belle mati\u00e8re et une structure \u00e9quilibr\u00e9e soutenue par des tanins fondus. La finale, fra\u00eeche et \u00e9l\u00e9gante, offre des notes persistantes de fraise et de m\u00fbre. Ce vin est id\u00e9alement servi \u00e0 temp\u00e9rature ambiante et se marie parfaitement avec des viandes rouges en grillade ou en sauce, du gibier, des plats l\u00e9g\u00e8rement \u00e9pic\u00e9s et des fromages. Exception de Troubat propose une exp\u00e9rience de d\u00e9gustation sophistiqu\u00e9e, capturant l&rsquo;essence de son terroir prestigieux.<\/p>\n","protected":false},"excerpt":{"rendered":"<p><strong>Exception de Troubat &#8211; Saint Emilion<\/strong> est un vin rouge d\u00e9licat et \u00e9quilibr\u00e9, aux ar\u00f4mes de fruits rouges et notes toast\u00e9es, parfait avec viandes rouges, gibiers et fromages.<\/p>\n","protected":false},"featured_media":1224,"comment_status":"open","ping_status":"closed","template":"","meta":{"_acf_changed":false},"product_brand":[],"product_cat":[28,39,35],"product_tag":[],"class_list":{"0":"post-981","1":"product","2":"type-product","3":"status-publish","4":"has-post-thumbnail","6":"product_cat-nos-vins","7":"product_cat-vin","8":"product_cat-vin-rouge","10":"first","11":"instock","12":"shipping-taxable","13":"purchasable","14":"product-type-simple"},"acf":[],"yoast_head":"<!-- This site is optimized with the Yoast SEO plugin v25.2 - https:\/\/yoast.com\/wordpress\/plugins\/seo\/ -->\n<title>Exception de Troubat - Saint Emilion - Domaine de Troubat<\/title>\n<meta name=\"robots\" content=\"index, follow, max-snippet:-1, max-image-preview:large, max-video-preview:-1\" \/>\n<link rel=\"canonical\" href=\"https:\/\/domainedetroubat.fr\/index.php\/produit\/exception-troubat\/\" \/>\n<meta property=\"og:locale\" content=\"fr_FR\" \/>\n<meta property=\"og:type\" content=\"article\" \/>\n<meta property=\"og:title\" content=\"Exception de Troubat - Saint Emilion - Domaine de Troubat\" \/>\n<meta property=\"og:description\" content=\"Exception de Troubat - Saint Emilion est un vin rouge d\u00e9licat et \u00e9quilibr\u00e9, aux ar\u00f4mes de fruits rouges et notes toast\u00e9es, parfait avec viandes rouges, gibiers et fromages.\" \/>\n<meta property=\"og:url\" content=\"https:\/\/domainedetroubat.fr\/index.php\/produit\/exception-troubat\/\" \/>\n<meta property=\"og:site_name\" content=\"Domaine de Troubat\" \/>\n<meta property=\"article:modified_time\" content=\"2024-07-16T17:44:41+00:00\" \/>\n<meta property=\"og:image\" content=\"https:\/\/domainedetroubat.fr\/wp-content\/uploads\/2024\/07\/Exception-Troubat.png\" \/>\n\t<meta property=\"og:image:width\" content=\"660\" \/>\n\t<meta property=\"og:image:height\" content=\"660\" \/>\n\t<meta property=\"og:image:type\" content=\"image\/png\" \/>\n<meta name=\"twitter:card\" content=\"summary_large_image\" \/>\n<meta name=\"twitter:label1\" content=\"Dur\u00e9e de lecture estim\u00e9e\" \/>\n\t<meta name=\"twitter:data1\" content=\"1 minute\" \/>\n<script type=\"application\/ld+json\" class=\"yoast-schema-graph\">{\"@context\":\"https:\/\/schema.org\",\"@graph\":[{\"@type\":\"WebPage\",\"@id\":\"https:\/\/domainedetroubat.fr\/index.php\/produit\/exception-troubat\/\",\"url\":\"https:\/\/domainedetroubat.fr\/index.php\/produit\/exception-troubat\/\",\"name\":\"Exception de Troubat - Saint Emilion - Domaine de Troubat\",\"isPartOf\":{\"@id\":\"https:\/\/domainedetroubat.fr\/#website\"},\"primaryImageOfPage\":{\"@id\":\"https:\/\/domainedetroubat.fr\/index.php\/produit\/exception-troubat\/#primaryimage\"},\"image\":{\"@id\":\"https:\/\/domainedetroubat.fr\/index.php\/produit\/exception-troubat\/#primaryimage\"},\"thumbnailUrl\":\"https:\/\/domainedetroubat.fr\/wp-content\/uploads\/2024\/07\/Exception-Troubat.png\",\"datePublished\":\"2023-07-03T09:33:17+00:00\",\"dateModified\":\"2024-07-16T17:44:41+00:00\",\"breadcrumb\":{\"@id\":\"https:\/\/domainedetroubat.fr\/index.php\/produit\/exception-troubat\/#breadcrumb\"},\"inLanguage\":\"fr-FR\",\"potentialAction\":[{\"@type\":\"ReadAction\",\"target\":[\"https:\/\/domainedetroubat.fr\/index.php\/produit\/exception-troubat\/\"]}]},{\"@type\":\"ImageObject\",\"inLanguage\":\"fr-FR\",\"@id\":\"https:\/\/domainedetroubat.fr\/index.php\/produit\/exception-troubat\/#primaryimage\",\"url\":\"https:\/\/domainedetroubat.fr\/wp-content\/uploads\/2024\/07\/Exception-Troubat.png\",\"contentUrl\":\"https:\/\/domainedetroubat.fr\/wp-content\/uploads\/2024\/07\/Exception-Troubat.png\",\"width\":660,\"height\":660},{\"@type\":\"BreadcrumbList\",\"@id\":\"https:\/\/domainedetroubat.fr\/index.php\/produit\/exception-troubat\/#breadcrumb\",\"itemListElement\":[{\"@type\":\"ListItem\",\"position\":1,\"name\":\"Accueil\",\"item\":\"https:\/\/domainedetroubat.fr\/\"},{\"@type\":\"ListItem\",\"position\":2,\"name\":\"Boutique\",\"item\":\"https:\/\/domainedetroubat.fr\/index.php\/boutique\/\"},{\"@type\":\"ListItem\",\"position\":3,\"name\":\"Exception de Troubat &#8211; Saint Emilion\"}]},{\"@type\":\"WebSite\",\"@id\":\"https:\/\/domainedetroubat.fr\/#website\",\"url\":\"https:\/\/domainedetroubat.fr\/\",\"name\":\"Domaine de Troubat\",\"description\":\"Bordeaux \/ Entre-Deux-Mers \/ Saint-Emilion\",\"publisher\":{\"@id\":\"https:\/\/domainedetroubat.fr\/#organization\"},\"potentialAction\":[{\"@type\":\"SearchAction\",\"target\":{\"@type\":\"EntryPoint\",\"urlTemplate\":\"https:\/\/domainedetroubat.fr\/?s={search_term_string}\"},\"query-input\":{\"@type\":\"PropertyValueSpecification\",\"valueRequired\":true,\"valueName\":\"search_term_string\"}}],\"inLanguage\":\"fr-FR\"},{\"@type\":\"Organization\",\"@id\":\"https:\/\/domainedetroubat.fr\/#organization\",\"name\":\"Domaine de Troubat\",\"url\":\"https:\/\/domainedetroubat.fr\/\",\"logo\":{\"@type\":\"ImageObject\",\"inLanguage\":\"fr-FR\",\"@id\":\"https:\/\/domainedetroubat.fr\/#\/schema\/logo\/image\/\",\"url\":\"https:\/\/domainedetroubat.fr\/wp-content\/uploads\/2024\/07\/Capture-decran-Avr-6-removebg-preview.png\",\"contentUrl\":\"https:\/\/domainedetroubat.fr\/wp-content\/uploads\/2024\/07\/Capture-decran-Avr-6-removebg-preview.png\",\"width\":280,\"height\":318,\"caption\":\"Domaine de Troubat\"},\"image\":{\"@id\":\"https:\/\/domainedetroubat.fr\/#\/schema\/logo\/image\/\"}}]}<\/script>\n<!-- \/ Yoast SEO plugin. -->","yoast_head_json":{"title":"Exception de Troubat - Saint Emilion - Domaine de Troubat","robots":{"index":"index","follow":"follow","max-snippet":"max-snippet:-1","max-image-preview":"max-image-preview:large","max-video-preview":"max-video-preview:-1"},"canonical":"https:\/\/domainedetroubat.fr\/index.php\/produit\/exception-troubat\/","og_locale":"fr_FR","og_type":"article","og_title":"Exception de Troubat - Saint Emilion - Domaine de Troubat","og_description":"Exception de Troubat - Saint Emilion est un vin rouge d\u00e9licat et \u00e9quilibr\u00e9, aux ar\u00f4mes de fruits rouges et notes toast\u00e9es, parfait avec viandes rouges, gibiers et fromages.","og_url":"https:\/\/domainedetroubat.fr\/index.php\/produit\/exception-troubat\/","og_site_name":"Domaine de Troubat","article_modified_time":"2024-07-16T17:44:41+00:00","og_image":[{"width":660,"height":660,"url":"https:\/\/domainedetroubat.fr\/wp-content\/uploads\/2024\/07\/Exception-Troubat.png","type":"image\/png"}],"twitter_card":"summary_large_image","twitter_misc":{"Dur\u00e9e de lecture estim\u00e9e":"1 minute"},"schema":{"@context":"https:\/\/schema.org","@graph":[{"@type":"WebPage","@id":"https:\/\/domainedetroubat.fr\/index.php\/produit\/exception-troubat\/","url":"https:\/\/domainedetroubat.fr\/index.php\/produit\/exception-troubat\/","name":"Exception de Troubat - Saint Emilion - Domaine de Troubat","isPartOf":{"@id":"https:\/\/domainedetroubat.fr\/#website"},"primaryImageOfPage":{"@id":"https:\/\/domainedetroubat.fr\/index.php\/produit\/exception-troubat\/#primaryimage"},"image":{"@id":"https:\/\/domainedetroubat.fr\/index.php\/produit\/exception-troubat\/#primaryimage"},"thumbnailUrl":"https:\/\/domainedetroubat.fr\/wp-content\/uploads\/2024\/07\/Exception-Troubat.png","datePublished":"2023-07-03T09:33:17+00:00","dateModified":"2024-07-16T17:44:41+00:00","breadcrumb":{"@id":"https:\/\/domainedetroubat.fr\/index.php\/produit\/exception-troubat\/#breadcrumb"},"inLanguage":"fr-FR","potentialAction":[{"@type":"ReadAction","target":["https:\/\/domainedetroubat.fr\/index.php\/produit\/exception-troubat\/"]}]},{"@type":"ImageObject","inLanguage":"fr-FR","@id":"https:\/\/domainedetroubat.fr\/index.php\/produit\/exception-troubat\/#primaryimage","url":"https:\/\/domainedetroubat.fr\/wp-content\/uploads\/2024\/07\/Exception-Troubat.png","contentUrl":"https:\/\/domainedetroubat.fr\/wp-content\/uploads\/2024\/07\/Exception-Troubat.png","width":660,"height":660},{"@type":"BreadcrumbList","@id":"https:\/\/domainedetroubat.fr\/index.php\/produit\/exception-troubat\/#breadcrumb","itemListElement":[{"@type":"ListItem","position":1,"name":"Accueil","item":"https:\/\/domainedetroubat.fr\/"},{"@type":"ListItem","position":2,"name":"Boutique","item":"https:\/\/domainedetroubat.fr\/index.php\/boutique\/"},{"@type":"ListItem","position":3,"name":"Exception de Troubat &#8211; Saint Emilion"}]},{"@type":"WebSite","@id":"https:\/\/domainedetroubat.fr\/#website","url":"https:\/\/domainedetroubat.fr\/","name":"Domaine de Troubat","description":"Bordeaux \/ Entre-Deux-Mers \/ Saint-Emilion","publisher":{"@id":"https:\/\/domainedetroubat.fr\/#organization"},"potentialAction":[{"@type":"SearchAction","target":{"@type":"EntryPoint","urlTemplate":"https:\/\/domainedetroubat.fr\/?s={search_term_string}"},"query-input":{"@type":"PropertyValueSpecification","valueRequired":true,"valueName":"search_term_string"}}],"inLanguage":"fr-FR"},{"@type":"Organization","@id":"https:\/\/domainedetroubat.fr\/#organization","name":"Domaine de Troubat","url":"https:\/\/domainedetroubat.fr\/","logo":{"@type":"ImageObject","inLanguage":"fr-FR","@id":"https:\/\/domainedetroubat.fr\/#\/schema\/logo\/image\/","url":"https:\/\/domainedetroubat.fr\/wp-content\/uploads\/2024\/07\/Capture-decran-Avr-6-removebg-preview.png","contentUrl":"https:\/\/domainedetroubat.fr\/wp-content\/uploads\/2024\/07\/Capture-decran-Avr-6-removebg-preview.png","width":280,"height":318,"caption":"Domaine de Troubat"},"image":{"@id":"https:\/\/domainedetroubat.fr\/#\/schema\/logo\/image\/"}}]}},"_links":{"self":[{"href":"https:\/\/domainedetroubat.fr\/index.php\/wp-json\/wp\/v2\/product\/981","targetHints":{"allow":["GET"]}}],"collection":[{"href":"https:\/\/domainedetroubat.fr\/index.php\/wp-json\/wp\/v2\/product"}],"about":[{"href":"https:\/\/domainedetroubat.fr\/index.php\/wp-json\/wp\/v2\/types\/product"}],"replies":[{"embeddable":true,"href":"https:\/\/domainedetroubat.fr\/index.php\/wp-json\/wp\/v2\/comments?post=981"}],"wp:featuredmedia":[{"embeddable":true,"href":"https:\/\/domainedetroubat.fr\/index.php\/wp-json\/wp\/v2\/media\/1224"}],"wp:attachment":[{"href":"https:\/\/domainedetroubat.fr\/index.php\/wp-json\/wp\/v2\/media?parent=981"}],"wp:term":[{"taxonomy":"product_brand","embeddable":true,"href":"https:\/\/domainedetroubat.fr\/index.php\/wp-json\/wp\/v2\/product_brand?post=981"},{"taxonomy":"product_cat","embeddable":true,"href":"https:\/\/domainedetroubat.fr\/index.php\/wp-json\/wp\/v2\/product_cat?post=981"},{"taxonomy":"product_tag","embeddable":true,"href":"https:\/\/domainedetroubat.fr\/index.php\/wp-json\/wp\/v2\/product_tag?post=981"}],"curies":[{"name":"wp","href":"https:\/\/api.w.org\/{rel}","templated":true}]}}