{"id":977,"date":"2023-07-03T09:27:21","date_gmt":"2023-07-03T09:27:21","guid":{"rendered":"https:\/\/fse.catchthemes.com\/drinkify\/?post_type=product&#038;p=977"},"modified":"2025-12-24T14:09:51","modified_gmt":"2025-12-24T13:09:51","slug":"prestige-troubat-rouge","status":"publish","type":"product","link":"https:\/\/domainedetroubat.fr\/index.php\/produit\/prestige-troubat-rouge\/","title":{"rendered":"Prestige de Troubat &#8211; Castillon C\u00f4tes de Bordeaux"},"content":{"rendered":"<p><strong>Le Prestige de Troubat &#8211; Castillon C\u00f4tes de Bordeaux<\/strong> se distingue par son \u00e9l\u00e9gance et sa complexit\u00e9. Il offre un bouquet riche de fruits noirs comme la m\u00fbre et le cassis, agr\u00e9ment\u00e9 de notes \u00e9pic\u00e9es et d&rsquo;une touche subtile de bois de c\u00e8dre. En bouche, il r\u00e9v\u00e8le une structure tannique bien \u00e9quilibr\u00e9e, accompagn\u00e9e d&rsquo;une belle rondeur et d&rsquo;une finale persistante et soyeuse. Ce vin, id\u00e9alement servi \u00e0 temp\u00e9rature ambiante, se marie parfaitement avec des charcuteries, des tapas, des viandes rouges et blanches, ainsi que des fromages affin\u00e9s. Le Prestige de Troubat propose une exp\u00e9rience de d\u00e9gustation raffin\u00e9e, capturant l&rsquo;essence de son terroir et offrant un plaisir riche et sophistiqu\u00e9 \u00e0 chaque gorg\u00e9e.<\/p>\n","protected":false},"excerpt":{"rendered":"<p><strong>Le Prestige de Troubat &#8211; Castillon C\u00f4tes de Bordeaux<\/strong> est un vin rouge \u00e9l\u00e9gant aux ar\u00f4mes complexes de fruits noirs et d&rsquo;\u00e9pices, avec une structure tannique \u00e9quilibr\u00e9e et une finale longue et persistante. Il accompagne parfaitement les charcuteries, tapas, viandes rouges et blanches, ainsi que les fromages.<\/p>\n","protected":false},"featured_media":1225,"comment_status":"open","ping_status":"closed","template":"","meta":{"_acf_changed":false},"product_brand":[],"product_cat":[28,46,39,35],"product_tag":[],"class_list":{"0":"post-977","1":"product","2":"type-product","3":"status-publish","4":"has-post-thumbnail","6":"product_cat-nos-vins","7":"product_cat-prestige","8":"product_cat-vin","9":"product_cat-vin-rouge","11":"first","12":"instock","13":"shipping-taxable","14":"purchasable","15":"product-type-simple"},"acf":[],"yoast_head":"<!-- This site is optimized with the Yoast SEO plugin v25.2 - https:\/\/yoast.com\/wordpress\/plugins\/seo\/ -->\n<title>Prestige de Troubat - Castillon C\u00f4tes de Bordeaux - Domaine de Troubat<\/title>\n<meta name=\"robots\" content=\"index, follow, max-snippet:-1, max-image-preview:large, max-video-preview:-1\" \/>\n<link rel=\"canonical\" href=\"https:\/\/domainedetroubat.fr\/index.php\/produit\/prestige-troubat-rouge\/\" \/>\n<meta property=\"og:locale\" content=\"fr_FR\" \/>\n<meta property=\"og:type\" content=\"article\" \/>\n<meta property=\"og:title\" content=\"Prestige de Troubat - Castillon C\u00f4tes de Bordeaux - Domaine de Troubat\" \/>\n<meta property=\"og:description\" content=\"Le Prestige de Troubat - Castillon C\u00f4tes de Bordeaux est un vin rouge \u00e9l\u00e9gant aux ar\u00f4mes complexes de fruits noirs et d&#039;\u00e9pices, avec une structure tannique \u00e9quilibr\u00e9e et une finale longue et persistante. Il accompagne parfaitement les charcuteries, tapas, viandes rouges et blanches, ainsi que les fromages.\" \/>\n<meta property=\"og:url\" content=\"https:\/\/domainedetroubat.fr\/index.php\/produit\/prestige-troubat-rouge\/\" \/>\n<meta property=\"og:site_name\" content=\"Domaine de Troubat\" \/>\n<meta property=\"article:modified_time\" content=\"2025-12-24T13:09:51+00:00\" \/>\n<meta property=\"og:image\" content=\"https:\/\/domainedetroubat.fr\/wp-content\/uploads\/2024\/07\/Prestige-Rouge-Troubat.png\" \/>\n\t<meta property=\"og:image:width\" content=\"660\" \/>\n\t<meta property=\"og:image:height\" content=\"660\" \/>\n\t<meta property=\"og:image:type\" content=\"image\/png\" \/>\n<meta name=\"twitter:card\" content=\"summary_large_image\" \/>\n<meta name=\"twitter:label1\" content=\"Dur\u00e9e de lecture estim\u00e9e\" \/>\n\t<meta name=\"twitter:data1\" content=\"1 minute\" \/>\n<script type=\"application\/ld+json\" class=\"yoast-schema-graph\">{\"@context\":\"https:\/\/schema.org\",\"@graph\":[{\"@type\":\"WebPage\",\"@id\":\"https:\/\/domainedetroubat.fr\/index.php\/produit\/prestige-troubat-rouge\/\",\"url\":\"https:\/\/domainedetroubat.fr\/index.php\/produit\/prestige-troubat-rouge\/\",\"name\":\"Prestige de Troubat - Castillon C\u00f4tes de Bordeaux - Domaine de Troubat\",\"isPartOf\":{\"@id\":\"https:\/\/domainedetroubat.fr\/#website\"},\"primaryImageOfPage\":{\"@id\":\"https:\/\/domainedetroubat.fr\/index.php\/produit\/prestige-troubat-rouge\/#primaryimage\"},\"image\":{\"@id\":\"https:\/\/domainedetroubat.fr\/index.php\/produit\/prestige-troubat-rouge\/#primaryimage\"},\"thumbnailUrl\":\"https:\/\/domainedetroubat.fr\/wp-content\/uploads\/2024\/07\/Prestige-Rouge-Troubat.png\",\"datePublished\":\"2023-07-03T09:27:21+00:00\",\"dateModified\":\"2025-12-24T13:09:51+00:00\",\"breadcrumb\":{\"@id\":\"https:\/\/domainedetroubat.fr\/index.php\/produit\/prestige-troubat-rouge\/#breadcrumb\"},\"inLanguage\":\"fr-FR\",\"potentialAction\":[{\"@type\":\"ReadAction\",\"target\":[\"https:\/\/domainedetroubat.fr\/index.php\/produit\/prestige-troubat-rouge\/\"]}]},{\"@type\":\"ImageObject\",\"inLanguage\":\"fr-FR\",\"@id\":\"https:\/\/domainedetroubat.fr\/index.php\/produit\/prestige-troubat-rouge\/#primaryimage\",\"url\":\"https:\/\/domainedetroubat.fr\/wp-content\/uploads\/2024\/07\/Prestige-Rouge-Troubat.png\",\"contentUrl\":\"https:\/\/domainedetroubat.fr\/wp-content\/uploads\/2024\/07\/Prestige-Rouge-Troubat.png\",\"width\":660,\"height\":660,\"caption\":\"Prestige Rouge Troubat\"},{\"@type\":\"BreadcrumbList\",\"@id\":\"https:\/\/domainedetroubat.fr\/index.php\/produit\/prestige-troubat-rouge\/#breadcrumb\",\"itemListElement\":[{\"@type\":\"ListItem\",\"position\":1,\"name\":\"Accueil\",\"item\":\"https:\/\/domainedetroubat.fr\/\"},{\"@type\":\"ListItem\",\"position\":2,\"name\":\"Boutique\",\"item\":\"https:\/\/domainedetroubat.fr\/index.php\/boutique\/\"},{\"@type\":\"ListItem\",\"position\":3,\"name\":\"Prestige de Troubat &#8211; Castillon C\u00f4tes de Bordeaux\"}]},{\"@type\":\"WebSite\",\"@id\":\"https:\/\/domainedetroubat.fr\/#website\",\"url\":\"https:\/\/domainedetroubat.fr\/\",\"name\":\"Domaine de Troubat\",\"description\":\"Bordeaux \/ Entre-Deux-Mers \/ Saint-Emilion\",\"publisher\":{\"@id\":\"https:\/\/domainedetroubat.fr\/#organization\"},\"potentialAction\":[{\"@type\":\"SearchAction\",\"target\":{\"@type\":\"EntryPoint\",\"urlTemplate\":\"https:\/\/domainedetroubat.fr\/?s={search_term_string}\"},\"query-input\":{\"@type\":\"PropertyValueSpecification\",\"valueRequired\":true,\"valueName\":\"search_term_string\"}}],\"inLanguage\":\"fr-FR\"},{\"@type\":\"Organization\",\"@id\":\"https:\/\/domainedetroubat.fr\/#organization\",\"name\":\"Domaine de Troubat\",\"url\":\"https:\/\/domainedetroubat.fr\/\",\"logo\":{\"@type\":\"ImageObject\",\"inLanguage\":\"fr-FR\",\"@id\":\"https:\/\/domainedetroubat.fr\/#\/schema\/logo\/image\/\",\"url\":\"https:\/\/domainedetroubat.fr\/wp-content\/uploads\/2024\/07\/Capture-decran-Avr-6-removebg-preview.png\",\"contentUrl\":\"https:\/\/domainedetroubat.fr\/wp-content\/uploads\/2024\/07\/Capture-decran-Avr-6-removebg-preview.png\",\"width\":280,\"height\":318,\"caption\":\"Domaine de Troubat\"},\"image\":{\"@id\":\"https:\/\/domainedetroubat.fr\/#\/schema\/logo\/image\/\"}}]}<\/script>\n<!-- \/ Yoast SEO plugin. -->","yoast_head_json":{"title":"Prestige de Troubat - Castillon C\u00f4tes de Bordeaux - Domaine de Troubat","robots":{"index":"index","follow":"follow","max-snippet":"max-snippet:-1","max-image-preview":"max-image-preview:large","max-video-preview":"max-video-preview:-1"},"canonical":"https:\/\/domainedetroubat.fr\/index.php\/produit\/prestige-troubat-rouge\/","og_locale":"fr_FR","og_type":"article","og_title":"Prestige de Troubat - Castillon C\u00f4tes de Bordeaux - Domaine de Troubat","og_description":"Le Prestige de Troubat - Castillon C\u00f4tes de Bordeaux est un vin rouge \u00e9l\u00e9gant aux ar\u00f4mes complexes de fruits noirs et d'\u00e9pices, avec une structure tannique \u00e9quilibr\u00e9e et une finale longue et persistante. Il accompagne parfaitement les charcuteries, tapas, viandes rouges et blanches, ainsi que les fromages.","og_url":"https:\/\/domainedetroubat.fr\/index.php\/produit\/prestige-troubat-rouge\/","og_site_name":"Domaine de Troubat","article_modified_time":"2025-12-24T13:09:51+00:00","og_image":[{"width":660,"height":660,"url":"https:\/\/domainedetroubat.fr\/wp-content\/uploads\/2024\/07\/Prestige-Rouge-Troubat.png","type":"image\/png"}],"twitter_card":"summary_large_image","twitter_misc":{"Dur\u00e9e de lecture estim\u00e9e":"1 minute"},"schema":{"@context":"https:\/\/schema.org","@graph":[{"@type":"WebPage","@id":"https:\/\/domainedetroubat.fr\/index.php\/produit\/prestige-troubat-rouge\/","url":"https:\/\/domainedetroubat.fr\/index.php\/produit\/prestige-troubat-rouge\/","name":"Prestige de Troubat - Castillon C\u00f4tes de Bordeaux - Domaine de Troubat","isPartOf":{"@id":"https:\/\/domainedetroubat.fr\/#website"},"primaryImageOfPage":{"@id":"https:\/\/domainedetroubat.fr\/index.php\/produit\/prestige-troubat-rouge\/#primaryimage"},"image":{"@id":"https:\/\/domainedetroubat.fr\/index.php\/produit\/prestige-troubat-rouge\/#primaryimage"},"thumbnailUrl":"https:\/\/domainedetroubat.fr\/wp-content\/uploads\/2024\/07\/Prestige-Rouge-Troubat.png","datePublished":"2023-07-03T09:27:21+00:00","dateModified":"2025-12-24T13:09:51+00:00","breadcrumb":{"@id":"https:\/\/domainedetroubat.fr\/index.php\/produit\/prestige-troubat-rouge\/#breadcrumb"},"inLanguage":"fr-FR","potentialAction":[{"@type":"ReadAction","target":["https:\/\/domainedetroubat.fr\/index.php\/produit\/prestige-troubat-rouge\/"]}]},{"@type":"ImageObject","inLanguage":"fr-FR","@id":"https:\/\/domainedetroubat.fr\/index.php\/produit\/prestige-troubat-rouge\/#primaryimage","url":"https:\/\/domainedetroubat.fr\/wp-content\/uploads\/2024\/07\/Prestige-Rouge-Troubat.png","contentUrl":"https:\/\/domainedetroubat.fr\/wp-content\/uploads\/2024\/07\/Prestige-Rouge-Troubat.png","width":660,"height":660,"caption":"Prestige Rouge Troubat"},{"@type":"BreadcrumbList","@id":"https:\/\/domainedetroubat.fr\/index.php\/produit\/prestige-troubat-rouge\/#breadcrumb","itemListElement":[{"@type":"ListItem","position":1,"name":"Accueil","item":"https:\/\/domainedetroubat.fr\/"},{"@type":"ListItem","position":2,"name":"Boutique","item":"https:\/\/domainedetroubat.fr\/index.php\/boutique\/"},{"@type":"ListItem","position":3,"name":"Prestige de Troubat &#8211; Castillon C\u00f4tes de Bordeaux"}]},{"@type":"WebSite","@id":"https:\/\/domainedetroubat.fr\/#website","url":"https:\/\/domainedetroubat.fr\/","name":"Domaine de Troubat","description":"Bordeaux \/ Entre-Deux-Mers \/ Saint-Emilion","publisher":{"@id":"https:\/\/domainedetroubat.fr\/#organization"},"potentialAction":[{"@type":"SearchAction","target":{"@type":"EntryPoint","urlTemplate":"https:\/\/domainedetroubat.fr\/?s={search_term_string}"},"query-input":{"@type":"PropertyValueSpecification","valueRequired":true,"valueName":"search_term_string"}}],"inLanguage":"fr-FR"},{"@type":"Organization","@id":"https:\/\/domainedetroubat.fr\/#organization","name":"Domaine de Troubat","url":"https:\/\/domainedetroubat.fr\/","logo":{"@type":"ImageObject","inLanguage":"fr-FR","@id":"https:\/\/domainedetroubat.fr\/#\/schema\/logo\/image\/","url":"https:\/\/domainedetroubat.fr\/wp-content\/uploads\/2024\/07\/Capture-decran-Avr-6-removebg-preview.png","contentUrl":"https:\/\/domainedetroubat.fr\/wp-content\/uploads\/2024\/07\/Capture-decran-Avr-6-removebg-preview.png","width":280,"height":318,"caption":"Domaine de Troubat"},"image":{"@id":"https:\/\/domainedetroubat.fr\/#\/schema\/logo\/image\/"}}]}},"_links":{"self":[{"href":"https:\/\/domainedetroubat.fr\/index.php\/wp-json\/wp\/v2\/product\/977","targetHints":{"allow":["GET"]}}],"collection":[{"href":"https:\/\/domainedetroubat.fr\/index.php\/wp-json\/wp\/v2\/product"}],"about":[{"href":"https:\/\/domainedetroubat.fr\/index.php\/wp-json\/wp\/v2\/types\/product"}],"replies":[{"embeddable":true,"href":"https:\/\/domainedetroubat.fr\/index.php\/wp-json\/wp\/v2\/comments?post=977"}],"wp:featuredmedia":[{"embeddable":true,"href":"https:\/\/domainedetroubat.fr\/index.php\/wp-json\/wp\/v2\/media\/1225"}],"wp:attachment":[{"href":"https:\/\/domainedetroubat.fr\/index.php\/wp-json\/wp\/v2\/media?parent=977"}],"wp:term":[{"taxonomy":"product_brand","embeddable":true,"href":"https:\/\/domainedetroubat.fr\/index.php\/wp-json\/wp\/v2\/product_brand?post=977"},{"taxonomy":"product_cat","embeddable":true,"href":"https:\/\/domainedetroubat.fr\/index.php\/wp-json\/wp\/v2\/product_cat?post=977"},{"taxonomy":"product_tag","embeddable":true,"href":"https:\/\/domainedetroubat.fr\/index.php\/wp-json\/wp\/v2\/product_tag?post=977"}],"curies":[{"name":"wp","href":"https:\/\/api.w.org\/{rel}","templated":true}]}}