{"id":1009,"date":"2024-07-16T20:10:25","date_gmt":"2024-07-16T18:10:25","guid":{"rendered":"https:\/\/fse.catchthemes.com\/drinkify\/?post_type=product&#038;p=1009"},"modified":"2025-06-04T16:33:50","modified_gmt":"2025-06-04T14:33:50","slug":"rouge-troubat","status":"publish","type":"product","link":"https:\/\/domainedetroubat.fr\/index.php\/produit\/rouge-troubat\/","title":{"rendered":"Rouge de Troubat"},"content":{"rendered":"<div class=\"flex-shrink-0 flex flex-col relative items-end\">\n<div class=\"pt-0.5 juice:pt-0\">\n<div class=\"gizmo-bot-avatar flex h-6 w-6 items-center justify-center overflow-hidden rounded-full juice:h-8 juice:w-8\">\n<div class=\"relative p-1 rounded-sm flex items-center justify-center bg-token-main-surface-primary text-token-text-primary h-8 w-8\"><strong>Le Rouge de Troubat<\/strong> se distingue par sa robe rubis intense et ses ar\u00f4mes s\u00e9duisants de fruits rouges, m\u00eal\u00e9s \u00e0 des nuances \u00e9l\u00e9gantes d&rsquo;\u00e9pices. En bouche, il offre du fruit, de l&rsquo;ampleur et des tanins fins et tendres, avec une belle structure et une finale longue et \u00e9quilibr\u00e9e. Ce vin rouge est id\u00e9alement servi \u00e0 temp\u00e9rature ambiante et se marie parfaitement avec des charcuteries, des tapas, des viandes rouges et des fromages affin\u00e9s. Le Rouge de Troubat propose une exp\u00e9rience de d\u00e9gustation riche et savoureuse, capturant l&rsquo;essence de son terroir et offrant un plaisir raffin\u00e9 \u00e0 chaque gorg\u00e9e.<\/div>\n<\/div>\n<\/div>\n<\/div>\n","protected":false},"excerpt":{"rendered":"<div class=\"flex-shrink-0 flex flex-col relative items-end\">\n<div class=\"pt-0.5 juice:pt-0\">\n<div class=\"gizmo-bot-avatar flex h-6 w-6 items-center justify-center overflow-hidden rounded-full juice:h-8 juice:w-8\">\n<div class=\"relative p-1 rounded-sm flex items-center justify-center bg-token-main-surface-primary text-token-text-primary h-8 w-8\"><strong>Le Rouge de Troubat<\/strong>, avec ses ar\u00f4mes de fruits rouges et ses nuances d&rsquo;\u00e9pices, offre du fruit, de l&rsquo;ampleur et des tanins fins. Parfait avec charcuterie, tapas, viandes rouges et fromages.<\/div>\n<\/div>\n<\/div>\n<\/div>\n","protected":false},"featured_media":1199,"comment_status":"open","ping_status":"closed","template":"","meta":{"_acf_changed":false},"product_brand":[],"product_cat":[28,39,35],"product_tag":[],"class_list":{"0":"post-1009","1":"product","2":"type-product","3":"status-publish","4":"has-post-thumbnail","6":"product_cat-nos-vins","7":"product_cat-vin","8":"product_cat-vin-rouge","10":"first","11":"instock","12":"shipping-taxable","13":"purchasable","14":"product-type-simple"},"acf":[],"yoast_head":"<!-- This site is optimized with the Yoast SEO plugin v25.2 - https:\/\/yoast.com\/wordpress\/plugins\/seo\/ -->\n<title>Rouge de Troubat - Domaine de Troubat<\/title>\n<meta name=\"robots\" content=\"index, follow, max-snippet:-1, max-image-preview:large, max-video-preview:-1\" \/>\n<link rel=\"canonical\" href=\"https:\/\/domainedetroubat.fr\/index.php\/produit\/rouge-troubat\/\" \/>\n<meta property=\"og:locale\" content=\"fr_FR\" \/>\n<meta property=\"og:type\" content=\"article\" \/>\n<meta property=\"og:title\" content=\"Rouge de Troubat - Domaine de Troubat\" \/>\n<meta property=\"og:description\" content=\"Le Rouge de Troubat, avec ses ar\u00f4mes de fruits rouges et ses nuances d&#039;\u00e9pices, offre du fruit, de l&#039;ampleur et des tanins fins. Parfait avec charcuterie, tapas, viandes rouges et fromages.\" \/>\n<meta property=\"og:url\" content=\"https:\/\/domainedetroubat.fr\/index.php\/produit\/rouge-troubat\/\" \/>\n<meta property=\"og:site_name\" content=\"Domaine de Troubat\" \/>\n<meta property=\"article:modified_time\" content=\"2025-06-04T14:33:50+00:00\" \/>\n<meta property=\"og:image\" content=\"https:\/\/domainedetroubat.fr\/wp-content\/uploads\/2023\/07\/Troubat-Rouge.png\" \/>\n\t<meta property=\"og:image:width\" content=\"660\" \/>\n\t<meta property=\"og:image:height\" content=\"660\" \/>\n\t<meta property=\"og:image:type\" content=\"image\/png\" \/>\n<meta name=\"twitter:card\" content=\"summary_large_image\" \/>\n<meta name=\"twitter:label1\" content=\"Dur\u00e9e de lecture estim\u00e9e\" \/>\n\t<meta name=\"twitter:data1\" content=\"1 minute\" \/>\n<script type=\"application\/ld+json\" class=\"yoast-schema-graph\">{\"@context\":\"https:\/\/schema.org\",\"@graph\":[{\"@type\":\"WebPage\",\"@id\":\"https:\/\/domainedetroubat.fr\/index.php\/produit\/rouge-troubat\/\",\"url\":\"https:\/\/domainedetroubat.fr\/index.php\/produit\/rouge-troubat\/\",\"name\":\"Rouge de Troubat - Domaine de Troubat\",\"isPartOf\":{\"@id\":\"https:\/\/domainedetroubat.fr\/#website\"},\"primaryImageOfPage\":{\"@id\":\"https:\/\/domainedetroubat.fr\/index.php\/produit\/rouge-troubat\/#primaryimage\"},\"image\":{\"@id\":\"https:\/\/domainedetroubat.fr\/index.php\/produit\/rouge-troubat\/#primaryimage\"},\"thumbnailUrl\":\"https:\/\/domainedetroubat.fr\/wp-content\/uploads\/2023\/07\/Troubat-Rouge.png\",\"datePublished\":\"2024-07-16T18:10:25+00:00\",\"dateModified\":\"2025-06-04T14:33:50+00:00\",\"breadcrumb\":{\"@id\":\"https:\/\/domainedetroubat.fr\/index.php\/produit\/rouge-troubat\/#breadcrumb\"},\"inLanguage\":\"fr-FR\",\"potentialAction\":[{\"@type\":\"ReadAction\",\"target\":[\"https:\/\/domainedetroubat.fr\/index.php\/produit\/rouge-troubat\/\"]}]},{\"@type\":\"ImageObject\",\"inLanguage\":\"fr-FR\",\"@id\":\"https:\/\/domainedetroubat.fr\/index.php\/produit\/rouge-troubat\/#primaryimage\",\"url\":\"https:\/\/domainedetroubat.fr\/wp-content\/uploads\/2023\/07\/Troubat-Rouge.png\",\"contentUrl\":\"https:\/\/domainedetroubat.fr\/wp-content\/uploads\/2023\/07\/Troubat-Rouge.png\",\"width\":660,\"height\":660,\"caption\":\"Bouteille Troubat Rouge\"},{\"@type\":\"BreadcrumbList\",\"@id\":\"https:\/\/domainedetroubat.fr\/index.php\/produit\/rouge-troubat\/#breadcrumb\",\"itemListElement\":[{\"@type\":\"ListItem\",\"position\":1,\"name\":\"Accueil\",\"item\":\"https:\/\/domainedetroubat.fr\/\"},{\"@type\":\"ListItem\",\"position\":2,\"name\":\"Boutique\",\"item\":\"https:\/\/domainedetroubat.fr\/index.php\/boutique\/\"},{\"@type\":\"ListItem\",\"position\":3,\"name\":\"Rouge de Troubat\"}]},{\"@type\":\"WebSite\",\"@id\":\"https:\/\/domainedetroubat.fr\/#website\",\"url\":\"https:\/\/domainedetroubat.fr\/\",\"name\":\"Domaine de Troubat\",\"description\":\"Bordeaux \/ Entre-Deux-Mers \/ Saint-Emilion\",\"publisher\":{\"@id\":\"https:\/\/domainedetroubat.fr\/#organization\"},\"potentialAction\":[{\"@type\":\"SearchAction\",\"target\":{\"@type\":\"EntryPoint\",\"urlTemplate\":\"https:\/\/domainedetroubat.fr\/?s={search_term_string}\"},\"query-input\":{\"@type\":\"PropertyValueSpecification\",\"valueRequired\":true,\"valueName\":\"search_term_string\"}}],\"inLanguage\":\"fr-FR\"},{\"@type\":\"Organization\",\"@id\":\"https:\/\/domainedetroubat.fr\/#organization\",\"name\":\"Domaine de Troubat\",\"url\":\"https:\/\/domainedetroubat.fr\/\",\"logo\":{\"@type\":\"ImageObject\",\"inLanguage\":\"fr-FR\",\"@id\":\"https:\/\/domainedetroubat.fr\/#\/schema\/logo\/image\/\",\"url\":\"https:\/\/domainedetroubat.fr\/wp-content\/uploads\/2024\/07\/Capture-decran-Avr-6-removebg-preview.png\",\"contentUrl\":\"https:\/\/domainedetroubat.fr\/wp-content\/uploads\/2024\/07\/Capture-decran-Avr-6-removebg-preview.png\",\"width\":280,\"height\":318,\"caption\":\"Domaine de Troubat\"},\"image\":{\"@id\":\"https:\/\/domainedetroubat.fr\/#\/schema\/logo\/image\/\"}}]}<\/script>\n<!-- \/ Yoast SEO plugin. -->","yoast_head_json":{"title":"Rouge de Troubat - Domaine de Troubat","robots":{"index":"index","follow":"follow","max-snippet":"max-snippet:-1","max-image-preview":"max-image-preview:large","max-video-preview":"max-video-preview:-1"},"canonical":"https:\/\/domainedetroubat.fr\/index.php\/produit\/rouge-troubat\/","og_locale":"fr_FR","og_type":"article","og_title":"Rouge de Troubat - Domaine de Troubat","og_description":"Le Rouge de Troubat, avec ses ar\u00f4mes de fruits rouges et ses nuances d'\u00e9pices, offre du fruit, de l'ampleur et des tanins fins. Parfait avec charcuterie, tapas, viandes rouges et fromages.","og_url":"https:\/\/domainedetroubat.fr\/index.php\/produit\/rouge-troubat\/","og_site_name":"Domaine de Troubat","article_modified_time":"2025-06-04T14:33:50+00:00","og_image":[{"width":660,"height":660,"url":"https:\/\/domainedetroubat.fr\/wp-content\/uploads\/2023\/07\/Troubat-Rouge.png","type":"image\/png"}],"twitter_card":"summary_large_image","twitter_misc":{"Dur\u00e9e de lecture estim\u00e9e":"1 minute"},"schema":{"@context":"https:\/\/schema.org","@graph":[{"@type":"WebPage","@id":"https:\/\/domainedetroubat.fr\/index.php\/produit\/rouge-troubat\/","url":"https:\/\/domainedetroubat.fr\/index.php\/produit\/rouge-troubat\/","name":"Rouge de Troubat - Domaine de Troubat","isPartOf":{"@id":"https:\/\/domainedetroubat.fr\/#website"},"primaryImageOfPage":{"@id":"https:\/\/domainedetroubat.fr\/index.php\/produit\/rouge-troubat\/#primaryimage"},"image":{"@id":"https:\/\/domainedetroubat.fr\/index.php\/produit\/rouge-troubat\/#primaryimage"},"thumbnailUrl":"https:\/\/domainedetroubat.fr\/wp-content\/uploads\/2023\/07\/Troubat-Rouge.png","datePublished":"2024-07-16T18:10:25+00:00","dateModified":"2025-06-04T14:33:50+00:00","breadcrumb":{"@id":"https:\/\/domainedetroubat.fr\/index.php\/produit\/rouge-troubat\/#breadcrumb"},"inLanguage":"fr-FR","potentialAction":[{"@type":"ReadAction","target":["https:\/\/domainedetroubat.fr\/index.php\/produit\/rouge-troubat\/"]}]},{"@type":"ImageObject","inLanguage":"fr-FR","@id":"https:\/\/domainedetroubat.fr\/index.php\/produit\/rouge-troubat\/#primaryimage","url":"https:\/\/domainedetroubat.fr\/wp-content\/uploads\/2023\/07\/Troubat-Rouge.png","contentUrl":"https:\/\/domainedetroubat.fr\/wp-content\/uploads\/2023\/07\/Troubat-Rouge.png","width":660,"height":660,"caption":"Bouteille Troubat Rouge"},{"@type":"BreadcrumbList","@id":"https:\/\/domainedetroubat.fr\/index.php\/produit\/rouge-troubat\/#breadcrumb","itemListElement":[{"@type":"ListItem","position":1,"name":"Accueil","item":"https:\/\/domainedetroubat.fr\/"},{"@type":"ListItem","position":2,"name":"Boutique","item":"https:\/\/domainedetroubat.fr\/index.php\/boutique\/"},{"@type":"ListItem","position":3,"name":"Rouge de Troubat"}]},{"@type":"WebSite","@id":"https:\/\/domainedetroubat.fr\/#website","url":"https:\/\/domainedetroubat.fr\/","name":"Domaine de Troubat","description":"Bordeaux \/ Entre-Deux-Mers \/ Saint-Emilion","publisher":{"@id":"https:\/\/domainedetroubat.fr\/#organization"},"potentialAction":[{"@type":"SearchAction","target":{"@type":"EntryPoint","urlTemplate":"https:\/\/domainedetroubat.fr\/?s={search_term_string}"},"query-input":{"@type":"PropertyValueSpecification","valueRequired":true,"valueName":"search_term_string"}}],"inLanguage":"fr-FR"},{"@type":"Organization","@id":"https:\/\/domainedetroubat.fr\/#organization","name":"Domaine de Troubat","url":"https:\/\/domainedetroubat.fr\/","logo":{"@type":"ImageObject","inLanguage":"fr-FR","@id":"https:\/\/domainedetroubat.fr\/#\/schema\/logo\/image\/","url":"https:\/\/domainedetroubat.fr\/wp-content\/uploads\/2024\/07\/Capture-decran-Avr-6-removebg-preview.png","contentUrl":"https:\/\/domainedetroubat.fr\/wp-content\/uploads\/2024\/07\/Capture-decran-Avr-6-removebg-preview.png","width":280,"height":318,"caption":"Domaine de Troubat"},"image":{"@id":"https:\/\/domainedetroubat.fr\/#\/schema\/logo\/image\/"}}]}},"_links":{"self":[{"href":"https:\/\/domainedetroubat.fr\/index.php\/wp-json\/wp\/v2\/product\/1009","targetHints":{"allow":["GET"]}}],"collection":[{"href":"https:\/\/domainedetroubat.fr\/index.php\/wp-json\/wp\/v2\/product"}],"about":[{"href":"https:\/\/domainedetroubat.fr\/index.php\/wp-json\/wp\/v2\/types\/product"}],"replies":[{"embeddable":true,"href":"https:\/\/domainedetroubat.fr\/index.php\/wp-json\/wp\/v2\/comments?post=1009"}],"wp:featuredmedia":[{"embeddable":true,"href":"https:\/\/domainedetroubat.fr\/index.php\/wp-json\/wp\/v2\/media\/1199"}],"wp:attachment":[{"href":"https:\/\/domainedetroubat.fr\/index.php\/wp-json\/wp\/v2\/media?parent=1009"}],"wp:term":[{"taxonomy":"product_brand","embeddable":true,"href":"https:\/\/domainedetroubat.fr\/index.php\/wp-json\/wp\/v2\/product_brand?post=1009"},{"taxonomy":"product_cat","embeddable":true,"href":"https:\/\/domainedetroubat.fr\/index.php\/wp-json\/wp\/v2\/product_cat?post=1009"},{"taxonomy":"product_tag","embeddable":true,"href":"https:\/\/domainedetroubat.fr\/index.php\/wp-json\/wp\/v2\/product_tag?post=1009"}],"curies":[{"name":"wp","href":"https:\/\/api.w.org\/{rel}","templated":true}]}}